{"id":9,"date":"2021-11-22T18:59:16","date_gmt":"2021-11-22T17:59:16","guid":{"rendered":"http:\/\/startova.pl\/?page_id=9"},"modified":"2023-03-01T18:14:29","modified_gmt":"2023-03-01T17:14:29","slug":"strona-glowna","status":"publish","type":"page","link":"https:\/\/startova.pl\/","title":{"rendered":"Strona G\u0142\u00f3wna"},"content":{"rendered":"","protected":false},"excerpt":{"rendered":"","protected":false},"author":1,"featured_media":0,"parent":2,"menu_order":0,"comment_status":"closed","ping_status":"closed","template":"template-frontpage.php","meta":{"footnotes":""},"class_list":["post-9","page","type-page","status-publish","hentry"],"yoast_head":"<!-- This site is optimized with the Yoast SEO plugin v17.6 - https:\/\/yoast.com\/wordpress\/plugins\/seo\/ -->\n<title>Strona G\u0142\u00f3wna - STARTOVA UMK<\/title>\n<meta name=\"robots\" content=\"index, follow, max-snippet:-1, max-image-preview:large, max-video-preview:-1\" \/>\n<link rel=\"canonical\" href=\"https:\/\/startova.pl\/\" \/>\n<meta property=\"og:locale\" content=\"pl_PL\" \/>\n<meta property=\"og:type\" content=\"article\" \/>\n<meta property=\"og:title\" content=\"Strona G\u0142\u00f3wna - STARTOVA UMK\" \/>\n<meta property=\"og:url\" content=\"https:\/\/startova.pl\/\" \/>\n<meta property=\"og:site_name\" content=\"STARTOVA UMK\" \/>\n<meta property=\"article:modified_time\" content=\"2023-03-01T17:14:29+00:00\" \/>\n<meta name=\"twitter:card\" content=\"summary_large_image\" \/>\n<script type=\"application\/ld+json\" class=\"yoast-schema-graph\">{\"@context\":\"https:\/\/schema.org\",\"@graph\":[{\"@type\":\"WebSite\",\"@id\":\"https:\/\/startova.pl\/#website\",\"url\":\"https:\/\/startova.pl\/\",\"name\":\"STARTOVA UMK\",\"description\":\"Sp\\u00f3\\u0142ka Celowa Uniwersytetu Miko\\u0142aja Kopernika w Toruniu\",\"potentialAction\":[{\"@type\":\"SearchAction\",\"target\":{\"@type\":\"EntryPoint\",\"urlTemplate\":\"https:\/\/startova.pl\/?s={search_term_string}\"},\"query-input\":\"required name=search_term_string\"}],\"inLanguage\":\"pl-PL\"},{\"@type\":\"WebPage\",\"@id\":\"https:\/\/startova.pl\/#webpage\",\"url\":\"https:\/\/startova.pl\/\",\"name\":\"Strona G\\u0142\\u00f3wna - STARTOVA UMK\",\"isPartOf\":{\"@id\":\"https:\/\/startova.pl\/#website\"},\"datePublished\":\"2021-11-22T17:59:16+00:00\",\"dateModified\":\"2023-03-01T17:14:29+00:00\",\"breadcrumb\":{\"@id\":\"https:\/\/startova.pl\/#breadcrumb\"},\"inLanguage\":\"pl-PL\",\"potentialAction\":[{\"@type\":\"ReadAction\",\"target\":[\"https:\/\/startova.pl\/\"]}]},{\"@type\":\"BreadcrumbList\",\"@id\":\"https:\/\/startova.pl\/#breadcrumb\",\"itemListElement\":[{\"@type\":\"ListItem\",\"position\":1,\"name\":\"Home\",\"item\":\"https:\/\/startova.pl\/\"},{\"@type\":\"ListItem\",\"position\":2,\"name\":\"\",\"item\":\"https:\/\/startova.pl\/?page_id=2\"},{\"@type\":\"ListItem\",\"position\":3,\"name\":\"Strona G\\u0142\\u00f3wna\"}]}]}<\/script>\n<!-- \/ Yoast SEO plugin. -->","yoast_head_json":{"title":"Strona G\u0142\u00f3wna - STARTOVA UMK","robots":{"index":"index","follow":"follow","max-snippet":"max-snippet:-1","max-image-preview":"max-image-preview:large","max-video-preview":"max-video-preview:-1"},"canonical":"https:\/\/startova.pl\/","og_locale":"pl_PL","og_type":"article","og_title":"Strona G\u0142\u00f3wna - STARTOVA UMK","og_url":"https:\/\/startova.pl\/","og_site_name":"STARTOVA UMK","article_modified_time":"2023-03-01T17:14:29+00:00","twitter_card":"summary_large_image","schema":{"@context":"https:\/\/schema.org","@graph":[{"@type":"WebSite","@id":"https:\/\/startova.pl\/#website","url":"https:\/\/startova.pl\/","name":"STARTOVA UMK","description":"Sp\u00f3\u0142ka Celowa Uniwersytetu Miko\u0142aja Kopernika w Toruniu","potentialAction":[{"@type":"SearchAction","target":{"@type":"EntryPoint","urlTemplate":"https:\/\/startova.pl\/?s={search_term_string}"},"query-input":"required name=search_term_string"}],"inLanguage":"pl-PL"},{"@type":"WebPage","@id":"https:\/\/startova.pl\/#webpage","url":"https:\/\/startova.pl\/","name":"Strona G\u0142\u00f3wna - STARTOVA UMK","isPartOf":{"@id":"https:\/\/startova.pl\/#website"},"datePublished":"2021-11-22T17:59:16+00:00","dateModified":"2023-03-01T17:14:29+00:00","breadcrumb":{"@id":"https:\/\/startova.pl\/#breadcrumb"},"inLanguage":"pl-PL","potentialAction":[{"@type":"ReadAction","target":["https:\/\/startova.pl\/"]}]},{"@type":"BreadcrumbList","@id":"https:\/\/startova.pl\/#breadcrumb","itemListElement":[{"@type":"ListItem","position":1,"name":"Home","item":"https:\/\/startova.pl\/"},{"@type":"ListItem","position":2,"name":"","item":"https:\/\/startova.pl\/?page_id=2"},{"@type":"ListItem","position":3,"name":"Strona G\u0142\u00f3wna"}]}]}},"_links":{"self":[{"href":"https:\/\/startova.pl\/index.php?rest_route=\/wp\/v2\/pages\/9","targetHints":{"allow":["GET"]}}],"collection":[{"href":"https:\/\/startova.pl\/index.php?rest_route=\/wp\/v2\/pages"}],"about":[{"href":"https:\/\/startova.pl\/index.php?rest_route=\/wp\/v2\/types\/page"}],"author":[{"embeddable":true,"href":"https:\/\/startova.pl\/index.php?rest_route=\/wp\/v2\/users\/1"}],"replies":[{"embeddable":true,"href":"https:\/\/startova.pl\/index.php?rest_route=%2Fwp%2Fv2%2Fcomments&post=9"}],"version-history":[{"count":1,"href":"https:\/\/startova.pl\/index.php?rest_route=\/wp\/v2\/pages\/9\/revisions"}],"predecessor-version":[{"id":10,"href":"https:\/\/startova.pl\/index.php?rest_route=\/wp\/v2\/pages\/9\/revisions\/10"}],"up":[{"embeddable":true,"href":"https:\/\/startova.pl\/index.php?rest_route=\/wp\/v2\/pages\/2"}],"wp:attachment":[{"href":"https:\/\/startova.pl\/index.php?rest_route=%2Fwp%2Fv2%2Fmedia&parent=9"}],"curies":[{"name":"wp","href":"https:\/\/api.w.org\/{rel}","templated":true}]}}